{"id":90,"date":"2025-03-12T09:51:09","date_gmt":"2025-03-12T09:51:09","guid":{"rendered":"https:\/\/fondationpdh.org\/?page_id=90"},"modified":"2025-04-14T14:00:01","modified_gmt":"2025-04-14T14:00:01","slug":"accueil","status":"publish","type":"page","link":"https:\/\/fondationpdh.org\/fr\/","title":{"rendered":"Accueil"},"content":{"rendered":"\t\t<div data-elementor-type=\"wp-page\" data-elementor-id=\"90\" class=\"elementor elementor-90 elementor-17\" data-elementor-post-type=\"page\">\n\t\t\t\t<div class=\"elementor-element elementor-element-e70192c e-flex e-con-boxed e-con e-parent\" data-id=\"e70192c\" data-element_type=\"container\" data-e-type=\"container\" data-settings=\"{&quot;background_background&quot;:&quot;classic&quot;}\">\n\t\t\t\t\t<div class=\"e-con-inner\">\n\t\t\t\t\t<\/div>\n\t\t\t\t<\/div>\n\t\t<div class=\"elementor-element elementor-element-605095e e-flex e-con-boxed e-con e-parent\" data-id=\"605095e\" data-element_type=\"container\" data-e-type=\"container\">\n\t\t\t\t\t<div class=\"e-con-inner\">\n\t\t\t\t<div class=\"elementor-element elementor-element-9d655bb elementor-widget elementor-widget-spacer\" data-id=\"9d655bb\" data-element_type=\"widget\" data-e-type=\"widget\" data-widget_type=\"spacer.default\">\n\t\t\t\t<div class=\"elementor-widget-container\">\n\t\t\t\t\t\t\t<div class=\"elementor-spacer\">\n\t\t\t<div class=\"elementor-spacer-inner\"><\/div>\n\t\t<\/div>\n\t\t\t\t\t\t<\/div>\n\t\t\t\t<\/div>\n\t\t\t\t\t<\/div>\n\t\t\t\t<\/div>\n\t\t<div class=\"elementor-element elementor-element-23d77f1 e-con-full e-flex e-con e-parent\" data-id=\"23d77f1\" data-element_type=\"container\" data-e-type=\"container\">\n\t\t\t\t<div class=\"elementor-element elementor-element-751a4d6 elementor-widget elementor-widget-spacer\" data-id=\"751a4d6\" data-element_type=\"widget\" data-e-type=\"widget\" data-widget_type=\"spacer.default\">\n\t\t\t\t<div class=\"elementor-widget-container\">\n\t\t\t\t\t\t\t<div class=\"elementor-spacer\">\n\t\t\t<div class=\"elementor-spacer-inner\"><\/div>\n\t\t<\/div>\n\t\t\t\t\t\t<\/div>\n\t\t\t\t<\/div>\n\t\t\t\t<\/div>\n\t\t<div class=\"elementor-element elementor-element-7b4b1b7 e-con-full e-flex e-con e-parent\" data-id=\"7b4b1b7\" data-element_type=\"container\" data-e-type=\"container\">\n\t\t<div class=\"elementor-element elementor-element-a314468 e-con-full e-flex e-con e-child\" data-id=\"a314468\" data-element_type=\"container\" data-e-type=\"container\">\n\t\t\t\t<div class=\"elementor-element elementor-element-3c51aae elementor-widget__width-initial elementor-widget elementor-widget-image\" data-id=\"3c51aae\" data-element_type=\"widget\" data-e-type=\"widget\" data-widget_type=\"image.default\">\n\t\t\t\t<div class=\"elementor-widget-container\">\n\t\t\t\t\t\t\t\t\t\t\t\t\t\t\t<img fetchpriority=\"high\" decoding=\"async\" width=\"1024\" height=\"516\" src=\"https:\/\/fondationpdh.org\/wp-content\/uploads\/2025\/03\/Opus-Fondation_-1024x516.jpg\" class=\"attachment-large size-large wp-image-200\" alt=\"Opus Fondation_\" srcset=\"https:\/\/fondationpdh.org\/wp-content\/uploads\/2025\/03\/Opus-Fondation_-1024x516.jpg 1024w, https:\/\/fondationpdh.org\/wp-content\/uploads\/2025\/03\/Opus-Fondation_-300x151.jpg 300w, https:\/\/fondationpdh.org\/wp-content\/uploads\/2025\/03\/Opus-Fondation_-768x387.jpg 768w, https:\/\/fondationpdh.org\/wp-content\/uploads\/2025\/03\/Opus-Fondation_-1536x774.jpg 1536w, https:\/\/fondationpdh.org\/wp-content\/uploads\/2025\/03\/Opus-Fondation_.jpg 1800w\" sizes=\"(max-width: 1024px) 100vw, 1024px\" \/>\t\t\t\t\t\t\t\t\t\t\t\t\t\t\t<\/div>\n\t\t\t\t<\/div>\n\t\t<div class=\"elementor-element elementor-element-413042b e-con-full e-flex e-con e-child\" data-id=\"413042b\" data-element_type=\"container\" data-e-type=\"container\">\n\t\t\t\t<div class=\"elementor-element elementor-element-51bbf75 elementor-widget elementor-widget-heading\" data-id=\"51bbf75\" data-element_type=\"widget\" data-e-type=\"widget\" data-widget_type=\"heading.default\">\n\t\t\t\t<div class=\"elementor-widget-container\">\n\t\t\t\t\t<h1 class=\"elementor-heading-title elementor-size-default\">R\u00e9sum\u00e9 des activit\u00e9s depuis la cr\u00e9ation<\/h1>\t\t\t\t<\/div>\n\t\t\t\t<\/div>\n\t\t\t\t<div class=\"elementor-element elementor-element-b63b4c9 elementor-widget elementor-widget-text-editor\" data-id=\"b63b4c9\" data-element_type=\"widget\" data-e-type=\"widget\" data-widget_type=\"text-editor.default\">\n\t\t\t\t<div class=\"elementor-widget-container\">\n\t\t\t\t\t\t\t\t\t<p><i>La Fondation a \u00e9t\u00e9 cr\u00e9\u00e9e par acte du <sup>24<\/sup> octobre 2023 et inscrite au Registre du commerce du canton de Gen\u00e8ve le <sup>9<\/sup> novembre 2023.<\/i><\/p><p><i>La Fondation est une organisation d&rsquo;utilit\u00e9 publique qui octroie des subventions et b\u00e9n\u00e9ficie du statut d&rsquo;exon\u00e9ration fiscale dans le canton de Gen\u00e8ve.<\/i><\/p><p><i>Durant la deuxi\u00e8me moiti\u00e9 de l\u2019ann\u00e9e 2023 et la majeure partie de l\u2019ann\u00e9e 2024, la Fondation s\u2019est consacr\u00e9e \u00e0 l\u2019identification de programmes \u00e0 soutenir et a lev\u00e9 plus de 1.000.000 CHF de dons. Au cours de cette p\u00e9riode, la Fondation a fait quatre dons pour un montant total de 133 000 CHF \u00e0 trois organisations caritatives bas\u00e9es \u00e0 Gen\u00e8ve et \u00e0 une organisation espagnole de protection de l&rsquo;environnement.<\/i><\/p><p><strong>Peter De Haan<\/strong><\/p><p>Pr\u00e9sident du Conseil de fondation<\/p>\t\t\t\t\t\t\t\t<\/div>\n\t\t\t\t<\/div>\n\t\t\t\t<div class=\"elementor-element elementor-element-d29210f elementor-button-info elementor-align-justify elementor-widget__width-initial elementor-widget elementor-widget-button\" data-id=\"d29210f\" data-element_type=\"widget\" data-e-type=\"widget\" data-widget_type=\"button.default\">\n\t\t\t\t<div class=\"elementor-widget-container\">\n\t\t\t\t\t\t\t\t\t<div class=\"elementor-button-wrapper\">\n\t\t\t\t\t<a class=\"elementor-button elementor-button-link elementor-size-sm\" href=\"mailto:info@fondationpdh.org\">\n\t\t\t\t\t\t<span class=\"elementor-button-content-wrapper\">\n\t\t\t\t\t\t<span class=\"elementor-button-icon\">\n\t\t\t\t<svg aria-hidden=\"true\" class=\"e-font-icon-svg e-far-arrow-alt-circle-right\" viewBox=\"0 0 512 512\" xmlns=\"http:\/\/www.w3.org\/2000\/svg\"><path d=\"M504 256C504 119 393 8 256 8S8 119 8 256s111 248 248 248 248-111 248-248zm-448 0c0-110.5 89.5-200 200-200s200 89.5 200 200-89.5 200-200 200S56 366.5 56 256zm72 20v-40c0-6.6 5.4-12 12-12h116v-67c0-10.7 12.9-16 20.5-8.5l99 99c4.7 4.7 4.7 12.3 0 17l-99 99c-7.6 7.6-20.5 2.2-20.5-8.5v-67H140c-6.6 0-12-5.4-12-12z\"><\/path><\/svg>\t\t\t<\/span>\n\t\t\t\t\t\t\t\t\t<span class=\"elementor-button-text\">Contactez-nous<\/span>\n\t\t\t\t\t<\/span>\n\t\t\t\t\t<\/a>\n\t\t\t\t<\/div>\n\t\t\t\t\t\t\t\t<\/div>\n\t\t\t\t<\/div>\n\t\t\t\t<\/div>\n\t\t\t\t<\/div>\n\t\t\t\t<\/div>\n\t\t<div class=\"elementor-element elementor-element-9f951d9 e-flex e-con-boxed e-con e-parent\" data-id=\"9f951d9\" data-element_type=\"container\" data-e-type=\"container\">\n\t\t\t\t\t<div class=\"e-con-inner\">\n\t\t\t\t<div class=\"elementor-element elementor-element-e67d59c elementor-widget elementor-widget-spacer\" data-id=\"e67d59c\" data-element_type=\"widget\" data-e-type=\"widget\" data-widget_type=\"spacer.default\">\n\t\t\t\t<div class=\"elementor-widget-container\">\n\t\t\t\t\t\t\t<div class=\"elementor-spacer\">\n\t\t\t<div class=\"elementor-spacer-inner\"><\/div>\n\t\t<\/div>\n\t\t\t\t\t\t<\/div>\n\t\t\t\t<\/div>\n\t\t\t\t\t<\/div>\n\t\t\t\t<\/div>\n\t\t\t\t<\/div>\n\t\t","protected":false},"excerpt":{"rendered":"<p>R\u00e9sum\u00e9 des activit\u00e9s depuis la cr\u00e9ation La Fondation a \u00e9t\u00e9 cr\u00e9\u00e9e par acte du 24 octobre 2023 et inscrite au [&hellip;]<\/p>\n","protected":false},"author":2,"featured_media":153,"parent":0,"menu_order":0,"comment_status":"closed","ping_status":"closed","template":"","meta":{"site-sidebar-layout":"no-sidebar","site-content-layout":"plain-container","ast-site-content-layout":"full-width-container","site-content-style":"default","site-sidebar-style":"default","ast-global-header-display":"","ast-banner-title-visibility":"","ast-main-header-display":"","ast-hfb-above-header-display":"","ast-hfb-below-header-display":"","ast-hfb-mobile-header-display":"","site-post-title":"disabled","ast-breadcrumbs-content":"","ast-featured-img":"disabled","footer-sml-layout":"","ast-disable-related-posts":"","theme-transparent-header-meta":"enabled","adv-header-id-meta":"","stick-header-meta":"","header-above-stick-meta":"","header-main-stick-meta":"","header-below-stick-meta":"","astra-migrate-meta-layouts":"default","ast-page-background-enabled":"default","ast-page-background-meta":{"desktop":{"background-color":"var(--ast-global-color-5)","background-image":"","background-repeat":"repeat","background-position":"center center","background-size":"auto","background-attachment":"scroll","background-type":"","background-media":"","overlay-type":"","overlay-color":"","overlay-opacity":"","overlay-gradient":""},"tablet":{"background-color":"","background-image":"","background-repeat":"repeat","background-position":"center center","background-size":"auto","background-attachment":"scroll","background-type":"","background-media":"","overlay-type":"","overlay-color":"","overlay-opacity":"","overlay-gradient":""},"mobile":{"background-color":"","background-image":"","background-repeat":"repeat","background-position":"center center","background-size":"auto","background-attachment":"scroll","background-type":"","background-media":"","overlay-type":"","overlay-color":"","overlay-opacity":"","overlay-gradient":""}},"ast-content-background-meta":{"desktop":{"background-color":"var(--ast-global-color-4)","background-image":"","background-repeat":"repeat","background-position":"center center","background-size":"auto","background-attachment":"scroll","background-type":"","background-media":"","overlay-type":"","overlay-color":"","overlay-opacity":"","overlay-gradient":""},"tablet":{"background-color":"var(--ast-global-color-4)","background-image":"","background-repeat":"repeat","background-position":"center center","background-size":"auto","background-attachment":"scroll","background-type":"","background-media":"","overlay-type":"","overlay-color":"","overlay-opacity":"","overlay-gradient":""},"mobile":{"background-color":"var(--ast-global-color-4)","background-image":"","background-repeat":"repeat","background-position":"center center","background-size":"auto","background-attachment":"scroll","background-type":"","background-media":"","overlay-type":"","overlay-color":"","overlay-opacity":"","overlay-gradient":""}},"footnotes":""},"class_list":["post-90","page","type-page","status-publish","has-post-thumbnail","hentry"],"yoast_head":"<!-- This site is optimized with the Yoast SEO plugin v27.2 - https:\/\/yoast.com\/product\/yoast-seo-wordpress\/ -->\n<title>Accueil - Fondation Peter De Haan<\/title>\n<meta name=\"robots\" content=\"noindex, follow, max-snippet:-1, max-image-preview:large, max-video-preview:-1\" \/>\n<meta property=\"og:locale\" content=\"fr_FR\" \/>\n<meta property=\"og:type\" content=\"article\" \/>\n<meta property=\"og:title\" content=\"Accueil - Fondation Peter De Haan\" \/>\n<meta property=\"og:description\" content=\"R\u00e9sum\u00e9 des activit\u00e9s depuis la cr\u00e9ation La Fondation a \u00e9t\u00e9 cr\u00e9\u00e9e par acte du 24 octobre 2023 et inscrite au [&hellip;]\" \/>\n<meta property=\"og:url\" content=\"https:\/\/fondationpdh.org\/fr\/\" \/>\n<meta property=\"og:site_name\" content=\"Fondation Peter De Haan\" \/>\n<meta property=\"article:modified_time\" content=\"2025-04-14T14:00:01+00:00\" \/>\n<meta property=\"og:image\" content=\"https:\/\/fondationpdh.org\/wp-content\/uploads\/2025\/03\/Captura-de-pantalla-2025-03-13-104259.jpg\" \/>\n\t<meta property=\"og:image:width\" content=\"1717\" \/>\n\t<meta property=\"og:image:height\" content=\"991\" \/>\n\t<meta property=\"og:image:type\" content=\"image\/jpeg\" \/>\n<meta name=\"twitter:card\" content=\"summary_large_image\" \/>\n<meta name=\"twitter:label1\" content=\"Dur\u00e9e de lecture estim\u00e9e\" \/>\n\t<meta name=\"twitter:data1\" content=\"1 minute\" \/>\n<script type=\"application\/ld+json\" class=\"yoast-schema-graph\">{\"@context\":\"https:\/\/schema.org\",\"@graph\":[{\"@type\":\"WebPage\",\"@id\":\"https:\/\/fondationpdh.org\/fr\/\",\"url\":\"https:\/\/fondationpdh.org\/fr\/\",\"name\":\"Accueil - Fondation Peter De Haan\",\"isPartOf\":{\"@id\":\"https:\/\/fondationpdh.org\/fr\/#website\"},\"primaryImageOfPage\":{\"@id\":\"https:\/\/fondationpdh.org\/fr\/#primaryimage\"},\"image\":{\"@id\":\"https:\/\/fondationpdh.org\/fr\/#primaryimage\"},\"thumbnailUrl\":\"https:\/\/fondationpdh.org\/wp-content\/uploads\/2025\/03\/Captura-de-pantalla-2025-03-13-104259.jpg\",\"datePublished\":\"2025-03-12T09:51:09+00:00\",\"dateModified\":\"2025-04-14T14:00:01+00:00\",\"breadcrumb\":{\"@id\":\"https:\/\/fondationpdh.org\/fr\/#breadcrumb\"},\"inLanguage\":\"fr-FR\",\"potentialAction\":[{\"@type\":\"ReadAction\",\"target\":[\"https:\/\/fondationpdh.org\/fr\/\"]}]},{\"@type\":\"ImageObject\",\"inLanguage\":\"fr-FR\",\"@id\":\"https:\/\/fondationpdh.org\/fr\/#primaryimage\",\"url\":\"https:\/\/fondationpdh.org\/wp-content\/uploads\/2025\/03\/Captura-de-pantalla-2025-03-13-104259.jpg\",\"contentUrl\":\"https:\/\/fondationpdh.org\/wp-content\/uploads\/2025\/03\/Captura-de-pantalla-2025-03-13-104259.jpg\",\"width\":1717,\"height\":991},{\"@type\":\"BreadcrumbList\",\"@id\":\"https:\/\/fondationpdh.org\/fr\/#breadcrumb\",\"itemListElement\":[{\"@type\":\"ListItem\",\"position\":1,\"name\":\"Portada\",\"item\":\"https:\/\/fondationpdh.org\/fr\/\"},{\"@type\":\"ListItem\",\"position\":2,\"name\":\"Accueil\"}]},{\"@type\":\"WebSite\",\"@id\":\"https:\/\/fondationpdh.org\/fr\/#website\",\"url\":\"https:\/\/fondationpdh.org\/fr\/\",\"name\":\"Fondation Peter De Haan\",\"description\":\"\",\"publisher\":{\"@id\":\"https:\/\/fondationpdh.org\/fr\/#organization\"},\"potentialAction\":[{\"@type\":\"SearchAction\",\"target\":{\"@type\":\"EntryPoint\",\"urlTemplate\":\"https:\/\/fondationpdh.org\/fr\/?s={search_term_string}\"},\"query-input\":{\"@type\":\"PropertyValueSpecification\",\"valueRequired\":true,\"valueName\":\"search_term_string\"}}],\"inLanguage\":\"fr-FR\"},{\"@type\":\"Organization\",\"@id\":\"https:\/\/fondationpdh.org\/fr\/#organization\",\"name\":\"Fondation Peter De Haan\",\"url\":\"https:\/\/fondationpdh.org\/fr\/\",\"logo\":{\"@type\":\"ImageObject\",\"inLanguage\":\"fr-FR\",\"@id\":\"https:\/\/fondationpdh.org\/fr\/#\/schema\/logo\/image\/\",\"url\":\"https:\/\/fondationpdh.org\/wp-content\/uploads\/2025\/03\/Isotype_PeterDeHaan.png\",\"contentUrl\":\"https:\/\/fondationpdh.org\/wp-content\/uploads\/2025\/03\/Isotype_PeterDeHaan.png\",\"width\":2116,\"height\":671,\"caption\":\"Fondation Peter De Haan\"},\"image\":{\"@id\":\"https:\/\/fondationpdh.org\/fr\/#\/schema\/logo\/image\/\"}}]}<\/script>\n<!-- \/ Yoast SEO plugin. -->","yoast_head_json":{"title":"Accueil - Fondation Peter De Haan","robots":{"index":"noindex","follow":"follow","max-snippet":"max-snippet:-1","max-image-preview":"max-image-preview:large","max-video-preview":"max-video-preview:-1"},"og_locale":"fr_FR","og_type":"article","og_title":"Accueil - Fondation Peter De Haan","og_description":"R\u00e9sum\u00e9 des activit\u00e9s depuis la cr\u00e9ation La Fondation a \u00e9t\u00e9 cr\u00e9\u00e9e par acte du 24 octobre 2023 et inscrite au [&hellip;]","og_url":"https:\/\/fondationpdh.org\/fr\/","og_site_name":"Fondation Peter De Haan","article_modified_time":"2025-04-14T14:00:01+00:00","og_image":[{"width":1717,"height":991,"url":"https:\/\/fondationpdh.org\/wp-content\/uploads\/2025\/03\/Captura-de-pantalla-2025-03-13-104259.jpg","type":"image\/jpeg"}],"twitter_card":"summary_large_image","twitter_misc":{"Dur\u00e9e de lecture estim\u00e9e":"1 minute"},"schema":{"@context":"https:\/\/schema.org","@graph":[{"@type":"WebPage","@id":"https:\/\/fondationpdh.org\/fr\/","url":"https:\/\/fondationpdh.org\/fr\/","name":"Accueil - Fondation Peter De Haan","isPartOf":{"@id":"https:\/\/fondationpdh.org\/fr\/#website"},"primaryImageOfPage":{"@id":"https:\/\/fondationpdh.org\/fr\/#primaryimage"},"image":{"@id":"https:\/\/fondationpdh.org\/fr\/#primaryimage"},"thumbnailUrl":"https:\/\/fondationpdh.org\/wp-content\/uploads\/2025\/03\/Captura-de-pantalla-2025-03-13-104259.jpg","datePublished":"2025-03-12T09:51:09+00:00","dateModified":"2025-04-14T14:00:01+00:00","breadcrumb":{"@id":"https:\/\/fondationpdh.org\/fr\/#breadcrumb"},"inLanguage":"fr-FR","potentialAction":[{"@type":"ReadAction","target":["https:\/\/fondationpdh.org\/fr\/"]}]},{"@type":"ImageObject","inLanguage":"fr-FR","@id":"https:\/\/fondationpdh.org\/fr\/#primaryimage","url":"https:\/\/fondationpdh.org\/wp-content\/uploads\/2025\/03\/Captura-de-pantalla-2025-03-13-104259.jpg","contentUrl":"https:\/\/fondationpdh.org\/wp-content\/uploads\/2025\/03\/Captura-de-pantalla-2025-03-13-104259.jpg","width":1717,"height":991},{"@type":"BreadcrumbList","@id":"https:\/\/fondationpdh.org\/fr\/#breadcrumb","itemListElement":[{"@type":"ListItem","position":1,"name":"Portada","item":"https:\/\/fondationpdh.org\/fr\/"},{"@type":"ListItem","position":2,"name":"Accueil"}]},{"@type":"WebSite","@id":"https:\/\/fondationpdh.org\/fr\/#website","url":"https:\/\/fondationpdh.org\/fr\/","name":"Fondation Peter De Haan","description":"","publisher":{"@id":"https:\/\/fondationpdh.org\/fr\/#organization"},"potentialAction":[{"@type":"SearchAction","target":{"@type":"EntryPoint","urlTemplate":"https:\/\/fondationpdh.org\/fr\/?s={search_term_string}"},"query-input":{"@type":"PropertyValueSpecification","valueRequired":true,"valueName":"search_term_string"}}],"inLanguage":"fr-FR"},{"@type":"Organization","@id":"https:\/\/fondationpdh.org\/fr\/#organization","name":"Fondation Peter De Haan","url":"https:\/\/fondationpdh.org\/fr\/","logo":{"@type":"ImageObject","inLanguage":"fr-FR","@id":"https:\/\/fondationpdh.org\/fr\/#\/schema\/logo\/image\/","url":"https:\/\/fondationpdh.org\/wp-content\/uploads\/2025\/03\/Isotype_PeterDeHaan.png","contentUrl":"https:\/\/fondationpdh.org\/wp-content\/uploads\/2025\/03\/Isotype_PeterDeHaan.png","width":2116,"height":671,"caption":"Fondation Peter De Haan"},"image":{"@id":"https:\/\/fondationpdh.org\/fr\/#\/schema\/logo\/image\/"}}]}},"_links":{"self":[{"href":"https:\/\/fondationpdh.org\/fr\/wp-json\/wp\/v2\/pages\/90","targetHints":{"allow":["GET"]}}],"collection":[{"href":"https:\/\/fondationpdh.org\/fr\/wp-json\/wp\/v2\/pages"}],"about":[{"href":"https:\/\/fondationpdh.org\/fr\/wp-json\/wp\/v2\/types\/page"}],"author":[{"embeddable":true,"href":"https:\/\/fondationpdh.org\/fr\/wp-json\/wp\/v2\/users\/2"}],"replies":[{"embeddable":true,"href":"https:\/\/fondationpdh.org\/fr\/wp-json\/wp\/v2\/comments?post=90"}],"version-history":[{"count":7,"href":"https:\/\/fondationpdh.org\/fr\/wp-json\/wp\/v2\/pages\/90\/revisions"}],"predecessor-version":[{"id":264,"href":"https:\/\/fondationpdh.org\/fr\/wp-json\/wp\/v2\/pages\/90\/revisions\/264"}],"wp:featuredmedia":[{"embeddable":true,"href":"https:\/\/fondationpdh.org\/fr\/wp-json\/wp\/v2\/media\/153"}],"wp:attachment":[{"href":"https:\/\/fondationpdh.org\/fr\/wp-json\/wp\/v2\/media?parent=90"}],"curies":[{"name":"wp","href":"https:\/\/api.w.org\/{rel}","templated":true}]}}