{"id":276,"date":"2025-03-17T09:49:07","date_gmt":"2025-03-17T09:49:07","guid":{"rendered":"https:\/\/fondationpdh.org\/politique-de-cookies\/"},"modified":"2025-05-09T07:50:39","modified_gmt":"2025-05-09T07:50:39","slug":"politique-de-cookies","status":"publish","type":"page","link":"https:\/\/fondationpdh.org\/fr\/politique-de-cookies\/","title":{"rendered":"Politique de cookies"},"content":{"rendered":"\t\t<div data-elementor-type=\"wp-page\" data-elementor-id=\"276\" class=\"elementor elementor-276 elementor-166\" data-elementor-post-type=\"page\">\n\t\t\t\t<div class=\"elementor-element elementor-element-7347422 e-flex e-con-boxed e-con e-parent\" data-id=\"7347422\" data-element_type=\"container\" data-e-type=\"container\">\n\t\t\t\t\t<div class=\"e-con-inner\">\n\t\t\t\t<div class=\"elementor-element elementor-element-82eb002 elementor-widget elementor-widget-heading\" data-id=\"82eb002\" data-element_type=\"widget\" data-e-type=\"widget\" data-widget_type=\"heading.default\">\n\t\t\t\t<div class=\"elementor-widget-container\">\n\t\t\t\t\t<h2 class=\"elementor-heading-title elementor-size-default\">Politique de cookies<\/h2>\t\t\t\t<\/div>\n\t\t\t\t<\/div>\n\t\t\t\t\t<\/div>\n\t\t\t\t<\/div>\n\t\t<div class=\"elementor-element elementor-element-ee8a6c3 e-flex e-con-boxed e-con e-parent\" data-id=\"ee8a6c3\" data-element_type=\"container\" data-e-type=\"container\">\n\t\t\t\t\t<div class=\"e-con-inner\">\n\t\t\t\t<div class=\"elementor-element elementor-element-3c76786 elementor-widget elementor-widget-text-editor\" data-id=\"3c76786\" data-element_type=\"widget\" data-e-type=\"widget\" data-widget_type=\"text-editor.default\">\n\t\t\t\t<div class=\"elementor-widget-container\">\n\t\t\t\t\t\t\t\t\t<p>Nous respectons votre vie priv\u00e9e. Ce site web utilise uniquement des <strong>cookies essentiels,<\/strong> n\u00e9cessaires \u00e0 son bon fonctionnement. Ces cookies ne requi\u00e8rent pas votre consentement et ne collectent aucune donn\u00e9e personnelle ni information identifiable.  <\/p><p><strong>Qu\u2019est-ce qu\u2019un cookie ?<\/strong><\/p><p>Les cookies sont de petits fichiers texte plac\u00e9s sur votre appareil lors de la visite d\u2019un site web. Ils permettent aux sites de m\u00e9moriser vos actions et pr\u00e9f\u00e9rences, assurant ainsi une navigation fluide et un fonctionnement de base. <\/p><p><strong>Cookies que nous utilisons<\/strong><\/p><p>Nous utilisons uniquement les types de cookies suivants :<\/p><ul><li><strong>Cookies essentiels<\/strong> : N\u00e9cessaires au fonctionnement de notre site, ils permettent des fonctions de base telles que la navigation entre les pages ou l\u2019acc\u00e8s aux zones s\u00e9curis\u00e9es. Sans ces cookies, le site ne peut pas fonctionner correctement. <\/li><li><strong>Cookies de session <\/strong>: Il s&rsquo;agit de cookies temporaires qui sont supprim\u00e9s \u00e0 la fermeture de votre navigateur. Ils assurent des fonctions essentielles comme l\u2019\u00e9quilibrage de charge et la continuit\u00e9 de session. <\/li><li><strong>Cookies de fonctionnalit\u00e9 <\/strong>: Ils m\u00e9morisent certains r\u00e9glages ou pr\u00e9f\u00e9rences mineurs que vous avez d\u00e9finis (par exemple, le type d\u2019appareil ou la langue), afin d\u2019am\u00e9liorer votre exp\u00e9rience utilisateur.<\/li><\/ul><p>Nous <strong>n\u2019utilisons pas<\/strong> :<\/p><ul><li>de cookies d\u2019analyse ou de suivi (ex. : Google Analytics)<\/li><li>de cookies publicitaires ou marketing<\/li><li>de cookies tiers ou li\u00e9s aux r\u00e9seaux sociaux<\/li><\/ul><p><strong>Gestion des cookies<\/strong><\/p><p>La plupart des navigateurs permettent de g\u00e9rer les cookies via leurs param\u00e8tres. Vous pouvez \u00e0 tout moment d\u00e9sactiver les cookies, mais cela pourrait alt\u00e9rer le fonctionnement du site. <\/p><p>Pour en savoir plus sur la gestion des cookies, visitez le site <a href=\"https:\/\/www.allaboutcookies.org\">www.allaboutcookies.org.<\/a><\/p>\t\t\t\t\t\t\t\t<\/div>\n\t\t\t\t<\/div>\n\t\t\t\t\t<\/div>\n\t\t\t\t<\/div>\n\t\t\t\t<\/div>\n\t\t","protected":false},"excerpt":{"rendered":"<p>Politique de cookies Nous respectons votre vie priv\u00e9e. Ce site web utilise uniquement des cookies essentiels, n\u00e9cessaires \u00e0 son bon [&hellip;]<\/p>\n","protected":false},"author":2,"featured_media":0,"parent":0,"menu_order":0,"comment_status":"closed","ping_status":"closed","template":"","meta":{"site-sidebar-layout":"no-sidebar","site-content-layout":"","ast-site-content-layout":"full-width-container","site-content-style":"default","site-sidebar-style":"default","ast-global-header-display":"","ast-banner-title-visibility":"","ast-main-header-display":"","ast-hfb-above-header-display":"","ast-hfb-below-header-display":"","ast-hfb-mobile-header-display":"","site-post-title":"disabled","ast-breadcrumbs-content":"","ast-featured-img":"disabled","footer-sml-layout":"","ast-disable-related-posts":"","theme-transparent-header-meta":"","adv-header-id-meta":"","stick-header-meta":"","header-above-stick-meta":"","header-main-stick-meta":"","header-below-stick-meta":"","astra-migrate-meta-layouts":"default","ast-page-background-enabled":"default","ast-page-background-meta":{"desktop":{"background-color":"var(--ast-global-color-5)","background-image":"","background-repeat":"repeat","background-position":"center center","background-size":"auto","background-attachment":"scroll","background-type":"","background-media":"","overlay-type":"","overlay-color":"","overlay-opacity":"","overlay-gradient":""},"tablet":{"background-color":"","background-image":"","background-repeat":"repeat","background-position":"center center","background-size":"auto","background-attachment":"scroll","background-type":"","background-media":"","overlay-type":"","overlay-color":"","overlay-opacity":"","overlay-gradient":""},"mobile":{"background-color":"","background-image":"","background-repeat":"repeat","background-position":"center center","background-size":"auto","background-attachment":"scroll","background-type":"","background-media":"","overlay-type":"","overlay-color":"","overlay-opacity":"","overlay-gradient":""}},"ast-content-background-meta":{"desktop":{"background-color":"var(--ast-global-color-4)","background-image":"","background-repeat":"repeat","background-position":"center center","background-size":"auto","background-attachment":"scroll","background-type":"","background-media":"","overlay-type":"","overlay-color":"","overlay-opacity":"","overlay-gradient":""},"tablet":{"background-color":"var(--ast-global-color-4)","background-image":"","background-repeat":"repeat","background-position":"center center","background-size":"auto","background-attachment":"scroll","background-type":"","background-media":"","overlay-type":"","overlay-color":"","overlay-opacity":"","overlay-gradient":""},"mobile":{"background-color":"var(--ast-global-color-4)","background-image":"","background-repeat":"repeat","background-position":"center center","background-size":"auto","background-attachment":"scroll","background-type":"","background-media":"","overlay-type":"","overlay-color":"","overlay-opacity":"","overlay-gradient":""}},"footnotes":""},"class_list":["post-276","page","type-page","status-publish","hentry"],"yoast_head":"<!-- This site is optimized with the Yoast SEO plugin v27.2 - https:\/\/yoast.com\/product\/yoast-seo-wordpress\/ -->\n<title>Politique de cookies - Fondation Peter De Haan<\/title>\n<meta name=\"robots\" content=\"noindex, follow, max-snippet:-1, max-image-preview:large, max-video-preview:-1\" \/>\n<meta property=\"og:locale\" content=\"fr_FR\" \/>\n<meta property=\"og:type\" content=\"article\" \/>\n<meta property=\"og:title\" content=\"Politique de cookies - Fondation Peter De Haan\" \/>\n<meta property=\"og:description\" content=\"Politique de cookies Nous respectons votre vie priv\u00e9e. Ce site web utilise uniquement des cookies essentiels, n\u00e9cessaires \u00e0 son bon [&hellip;]\" \/>\n<meta property=\"og:url\" content=\"https:\/\/fondationpdh.org\/fr\/politique-de-cookies\/\" \/>\n<meta property=\"og:site_name\" content=\"Fondation Peter De Haan\" \/>\n<meta property=\"article:modified_time\" content=\"2025-05-09T07:50:39+00:00\" \/>\n<meta name=\"twitter:card\" content=\"summary_large_image\" \/>\n<meta name=\"twitter:label1\" content=\"Dur\u00e9e de lecture estim\u00e9e\" \/>\n\t<meta name=\"twitter:data1\" content=\"1 minute\" \/>\n<script type=\"application\/ld+json\" class=\"yoast-schema-graph\">{\"@context\":\"https:\/\/schema.org\",\"@graph\":[{\"@type\":\"WebPage\",\"@id\":\"https:\/\/fondationpdh.org\/fr\/politique-de-cookies\/\",\"url\":\"https:\/\/fondationpdh.org\/fr\/politique-de-cookies\/\",\"name\":\"Politique de cookies - Fondation Peter De Haan\",\"isPartOf\":{\"@id\":\"https:\/\/fondationpdh.org\/fr\/#website\"},\"datePublished\":\"2025-03-17T09:49:07+00:00\",\"dateModified\":\"2025-05-09T07:50:39+00:00\",\"breadcrumb\":{\"@id\":\"https:\/\/fondationpdh.org\/fr\/politique-de-cookies\/#breadcrumb\"},\"inLanguage\":\"fr-FR\",\"potentialAction\":[{\"@type\":\"ReadAction\",\"target\":[\"https:\/\/fondationpdh.org\/fr\/politique-de-cookies\/\"]}]},{\"@type\":\"BreadcrumbList\",\"@id\":\"https:\/\/fondationpdh.org\/fr\/politique-de-cookies\/#breadcrumb\",\"itemListElement\":[{\"@type\":\"ListItem\",\"position\":1,\"name\":\"Portada\",\"item\":\"https:\/\/fondationpdh.org\/fr\/\"},{\"@type\":\"ListItem\",\"position\":2,\"name\":\"Politique de cookies\"}]},{\"@type\":\"WebSite\",\"@id\":\"https:\/\/fondationpdh.org\/fr\/#website\",\"url\":\"https:\/\/fondationpdh.org\/fr\/\",\"name\":\"Fondation Peter De Haan\",\"description\":\"\",\"publisher\":{\"@id\":\"https:\/\/fondationpdh.org\/fr\/#organization\"},\"potentialAction\":[{\"@type\":\"SearchAction\",\"target\":{\"@type\":\"EntryPoint\",\"urlTemplate\":\"https:\/\/fondationpdh.org\/fr\/?s={search_term_string}\"},\"query-input\":{\"@type\":\"PropertyValueSpecification\",\"valueRequired\":true,\"valueName\":\"search_term_string\"}}],\"inLanguage\":\"fr-FR\"},{\"@type\":\"Organization\",\"@id\":\"https:\/\/fondationpdh.org\/fr\/#organization\",\"name\":\"Fondation Peter De Haan\",\"url\":\"https:\/\/fondationpdh.org\/fr\/\",\"logo\":{\"@type\":\"ImageObject\",\"inLanguage\":\"fr-FR\",\"@id\":\"https:\/\/fondationpdh.org\/fr\/#\/schema\/logo\/image\/\",\"url\":\"https:\/\/fondationpdh.org\/wp-content\/uploads\/2025\/03\/Isotype_PeterDeHaan.png\",\"contentUrl\":\"https:\/\/fondationpdh.org\/wp-content\/uploads\/2025\/03\/Isotype_PeterDeHaan.png\",\"width\":2116,\"height\":671,\"caption\":\"Fondation Peter De Haan\"},\"image\":{\"@id\":\"https:\/\/fondationpdh.org\/fr\/#\/schema\/logo\/image\/\"}}]}<\/script>\n<!-- \/ Yoast SEO plugin. -->","yoast_head_json":{"title":"Politique de cookies - Fondation Peter De Haan","robots":{"index":"noindex","follow":"follow","max-snippet":"max-snippet:-1","max-image-preview":"max-image-preview:large","max-video-preview":"max-video-preview:-1"},"og_locale":"fr_FR","og_type":"article","og_title":"Politique de cookies - Fondation Peter De Haan","og_description":"Politique de cookies Nous respectons votre vie priv\u00e9e. Ce site web utilise uniquement des cookies essentiels, n\u00e9cessaires \u00e0 son bon [&hellip;]","og_url":"https:\/\/fondationpdh.org\/fr\/politique-de-cookies\/","og_site_name":"Fondation Peter De Haan","article_modified_time":"2025-05-09T07:50:39+00:00","twitter_card":"summary_large_image","twitter_misc":{"Dur\u00e9e de lecture estim\u00e9e":"1 minute"},"schema":{"@context":"https:\/\/schema.org","@graph":[{"@type":"WebPage","@id":"https:\/\/fondationpdh.org\/fr\/politique-de-cookies\/","url":"https:\/\/fondationpdh.org\/fr\/politique-de-cookies\/","name":"Politique de cookies - Fondation Peter De Haan","isPartOf":{"@id":"https:\/\/fondationpdh.org\/fr\/#website"},"datePublished":"2025-03-17T09:49:07+00:00","dateModified":"2025-05-09T07:50:39+00:00","breadcrumb":{"@id":"https:\/\/fondationpdh.org\/fr\/politique-de-cookies\/#breadcrumb"},"inLanguage":"fr-FR","potentialAction":[{"@type":"ReadAction","target":["https:\/\/fondationpdh.org\/fr\/politique-de-cookies\/"]}]},{"@type":"BreadcrumbList","@id":"https:\/\/fondationpdh.org\/fr\/politique-de-cookies\/#breadcrumb","itemListElement":[{"@type":"ListItem","position":1,"name":"Portada","item":"https:\/\/fondationpdh.org\/fr\/"},{"@type":"ListItem","position":2,"name":"Politique de cookies"}]},{"@type":"WebSite","@id":"https:\/\/fondationpdh.org\/fr\/#website","url":"https:\/\/fondationpdh.org\/fr\/","name":"Fondation Peter De Haan","description":"","publisher":{"@id":"https:\/\/fondationpdh.org\/fr\/#organization"},"potentialAction":[{"@type":"SearchAction","target":{"@type":"EntryPoint","urlTemplate":"https:\/\/fondationpdh.org\/fr\/?s={search_term_string}"},"query-input":{"@type":"PropertyValueSpecification","valueRequired":true,"valueName":"search_term_string"}}],"inLanguage":"fr-FR"},{"@type":"Organization","@id":"https:\/\/fondationpdh.org\/fr\/#organization","name":"Fondation Peter De Haan","url":"https:\/\/fondationpdh.org\/fr\/","logo":{"@type":"ImageObject","inLanguage":"fr-FR","@id":"https:\/\/fondationpdh.org\/fr\/#\/schema\/logo\/image\/","url":"https:\/\/fondationpdh.org\/wp-content\/uploads\/2025\/03\/Isotype_PeterDeHaan.png","contentUrl":"https:\/\/fondationpdh.org\/wp-content\/uploads\/2025\/03\/Isotype_PeterDeHaan.png","width":2116,"height":671,"caption":"Fondation Peter De Haan"},"image":{"@id":"https:\/\/fondationpdh.org\/fr\/#\/schema\/logo\/image\/"}}]}},"_links":{"self":[{"href":"https:\/\/fondationpdh.org\/fr\/wp-json\/wp\/v2\/pages\/276","targetHints":{"allow":["GET"]}}],"collection":[{"href":"https:\/\/fondationpdh.org\/fr\/wp-json\/wp\/v2\/pages"}],"about":[{"href":"https:\/\/fondationpdh.org\/fr\/wp-json\/wp\/v2\/types\/page"}],"author":[{"embeddable":true,"href":"https:\/\/fondationpdh.org\/fr\/wp-json\/wp\/v2\/users\/2"}],"replies":[{"embeddable":true,"href":"https:\/\/fondationpdh.org\/fr\/wp-json\/wp\/v2\/comments?post=276"}],"version-history":[{"count":1,"href":"https:\/\/fondationpdh.org\/fr\/wp-json\/wp\/v2\/pages\/276\/revisions"}],"predecessor-version":[{"id":277,"href":"https:\/\/fondationpdh.org\/fr\/wp-json\/wp\/v2\/pages\/276\/revisions\/277"}],"wp:attachment":[{"href":"https:\/\/fondationpdh.org\/fr\/wp-json\/wp\/v2\/media?parent=276"}],"curies":[{"name":"wp","href":"https:\/\/api.w.org\/{rel}","templated":true}]}}