{"id":322,"date":"2025-03-17T09:52:57","date_gmt":"2025-03-17T09:52:57","guid":{"rendered":"https:\/\/fondationpdh.org\/?page_id=322"},"modified":"2025-05-30T07:23:57","modified_gmt":"2025-05-30T07:23:57","slug":"rechtliche-hinweise","status":"publish","type":"page","link":"https:\/\/fondationpdh.org\/de\/rechtliche-hinweise\/","title":{"rendered":"Rechtliche Hinweise"},"content":{"rendered":"\t\t<div data-elementor-type=\"wp-page\" data-elementor-id=\"322\" class=\"elementor elementor-322 elementor-174\" data-elementor-post-type=\"page\">\n\t\t\t\t<div class=\"elementor-element elementor-element-4667956 e-flex e-con-boxed e-con e-parent\" data-id=\"4667956\" data-element_type=\"container\" data-e-type=\"container\">\n\t\t\t\t\t<div class=\"e-con-inner\">\n\t\t\t\t<div class=\"elementor-element elementor-element-5e46051 elementor-widget elementor-widget-heading\" data-id=\"5e46051\" data-element_type=\"widget\" data-e-type=\"widget\" data-widget_type=\"heading.default\">\n\t\t\t\t<div class=\"elementor-widget-container\">\n\t\t\t\t\t<h2 class=\"elementor-heading-title elementor-size-default\">Rechtliche Hinweise<\/h2>\t\t\t\t<\/div>\n\t\t\t\t<\/div>\n\t\t\t\t\t<\/div>\n\t\t\t\t<\/div>\n\t\t<div class=\"elementor-element elementor-element-8e77dfb e-flex e-con-boxed e-con e-parent\" data-id=\"8e77dfb\" data-element_type=\"container\" data-e-type=\"container\">\n\t\t\t\t\t<div class=\"e-con-inner\">\n\t\t\t\t<div class=\"elementor-element elementor-element-959f7c2 elementor-widget elementor-widget-text-editor\" data-id=\"959f7c2\" data-element_type=\"widget\" data-e-type=\"widget\" data-widget_type=\"text-editor.default\">\n\t\t\t\t<div class=\"elementor-widget-container\">\n\t\t\t\t\t\t\t\t\t<p><strong>Rechtliche Hinweise<\/strong><\/p><p>Diese Website ist Eigentum der <strong>Peter De Haan Stiftung<\/strong>, mit Sitz in <strong>Rue du Rh\u00f4ne 14, c\/o Walder Wyss SA, Zweigniederlassung Genf, 1204 Genf, Schweiz<\/strong>. Steueridentifikationsnummer: <strong>081.352.162<\/strong>, E-Mail: <strong>info@fondationpdh.org<\/strong>.<\/p><p>Durch das Surfen auf dieser Website akzeptieren Sie unsere allgemeinen Nutzungsbedingungen, es sei denn, es gelten besondere Bedingungen f\u00fcr bestimmte Dienste auf dieser Website.<\/p><p>Um unsere Dienste nutzen zu k\u00f6nnen, erkl\u00e4ren Sie, dass Sie vollj\u00e4hrig sind und \u00fcber die rechtliche Handlungsf\u00e4higkeit gem\u00e4\u00df den Gesetzen Ihres Landes verf\u00fcgen.<\/p><p>Die folgenden <strong>Allgemeinen Nutzungsbedingungen<\/strong> regeln die Nutzung und den Zugang zur Website, deren Zweck es ist, ein Zugangstor zur <strong>Peter De Haan Stiftung<\/strong> und ihren Projekten zu sein, indem den Nutzern Informationen, Dienste und Inhalte \u00fcber die Website bereitgestellt werden. \u00dcber die Website erhalten die Nutzer Zugang zu Informationen \u00fcber spezifische Produkte und Dienstleistungen, Werkzeuge und Anwendungen.<\/p><p>Die Nutzer verpflichten sich, die zug\u00e4nglichen Inhalte, Dienste, Anwendungen und Werkzeuge in angemessener Weise zu nutzen, im Einklang mit dem Gesetz, diesen Allgemeinen Nutzungsbedingungen sowie gegebenenfalls den Besonderen Nutzungsbedingungen, die f\u00fcr bestimmte Dienste und Anwendungen festgelegt sein k\u00f6nnen, und dabei stets die Rechte anderer Nutzer zu respektieren.<\/p><p>Im Falle eines vollst\u00e4ndigen oder teilweisen Versto\u00dfes gegen diese Allgemeinen Nutzungsbedingungen beh\u00e4lt sich die <strong>Peter De Haan Stiftung<\/strong> das Recht vor, dem Nutzer den Zugang ohne vorherige Ank\u00fcndigung zu verweigern.<\/p><p><strong>Geistiges und gewerbliches Eigentum<\/strong><\/p><p>Das geistige Eigentum liegt bei der <strong>Peter De Haan Stiftung<\/strong>. Die Website, ihre Programmierung, die enthaltenen Seiten sowie die darin enthaltenen Informationen oder Elemente (einschlie\u00dflich, aber nicht beschr\u00e4nkt auf Texte, Dokumente, Fotografien, Zeichnungen und grafische Darstellungen), ebenso wie Logos, Marken, Handelsnamen oder andere unterscheidungskr\u00e4ftige Zeichen, sind durch geistige oder gewerbliche Eigentumsrechte gesch\u00fctzt, deren Inhaberin die Stiftung ist oder f\u00fcr deren Nutzung und \u00f6ffentliche Wiedergabe sie \u00fcber entsprechende Genehmigungen der jeweiligen Rechteinhaber verf\u00fcgt.<\/p><p>Vor diesem Hintergrund erheben wir keinen Einwand gegen das Herunterladen von Inhalten dieser Website, solange dies nicht zu kommerziellen oder rechtswidrigen Zwecken erfolgt und die Integrit\u00e4t des Inhalts nicht ver\u00e4ndert oder verf\u00e4lscht wird. Kurz gesagt: Bitte versuchen Sie nicht, mit unseren Inhalten Gesch\u00e4fte zu machen oder sie so zu \u00e4ndern, dass sie als Ihre eigenen erscheinen. Als Nutzer verpflichten Sie sich, die Inhalte mit Sorgfalt und im Einklang mit Gesetz, Moral und \u00f6ffentlicher Ordnung korrekt zu verwenden.<\/p><p>Die <strong>Peter De Haan Stiftung<\/strong> \u00fcbernimmt keine Verantwortung f\u00fcr Informationen und Inhalte, die von Dritten gespeichert werden, einschlie\u00dflich, aber nicht beschr\u00e4nkt auf Foren, Chats, Blog-Generatoren, Kommentare, soziale Netzwerke oder sonstige Medien, die es Dritten erm\u00f6glichen, Inhalte unabh\u00e4ngig auf unserer Website zu ver\u00f6ffentlichen. Im Einklang mit den Artikeln 11 und 16 des spanischen Gesetzes \u00fcber Dienste der Informationsgesellschaft (LSSICE) kooperieren wir jedoch aktiv mit Nutzern, Beh\u00f6rden und Sicherheitskr\u00e4ften, um alle Inhalte zu entfernen oder zu blockieren, die gegen nationale oder internationale Gesetze, die Rechte Dritter oder die \u00f6ffentliche Ordnung und Moral versto\u00dfen k\u00f6nnten. Falls Sie der Meinung sind, dass Inhalte auf der Website dieser Beschreibung entsprechen, benachrichtigen Sie uns bitte umgehend.<\/p><p>Unsere Webserver k\u00f6nnen automatisch die IP-Adresse und den Domainnamen erfassen, die von den Nutzern verwendet werden. Eine IP-Adresse ist eine Nummer, die einem Computer automatisch zugewiesen wird, wenn er sich mit dem Internet verbindet. Diese Informationen werden in einer Server-Protokolldatei gespeichert, die es erm\u00f6glicht, diese Daten sp\u00e4ter zu verarbeiten, um ausschlie\u00dflich statistische Auswertungen durchzuf\u00fchren, etwa zur Anzahl der Seitenaufrufe, der Anzahl der Besuche auf den Webservern, der Reihenfolge der Besuche, dem Zugriffsweg usw.<\/p><p>Gegebenenfalls behalten wir uns das Recht vor, \u00c4nderungen an der Website vorzunehmen, einschlie\u00dflich der Navigation und Funktionen, ohne Sie dar\u00fcber informieren zu m\u00fcssen. Einige dieser \u00c4nderungen k\u00f6nnen die Benutzererfahrung verbessern, k\u00f6nnen aber auch vor\u00fcbergehend zu Problemen f\u00fchren, die das Surfen auf der Seite beeintr\u00e4chtigen.<\/p><p>Die <strong>Peter De Haan Stiftung<\/strong> \u00fcbernimmt keine Gew\u00e4hr f\u00fcr einen st\u00e4ndigen Zugang oder f\u00fcr die korrekte Anzeige, das Herunterladen oder die Nutzung der auf dem Portal enthaltenen Elemente und Informationen, die durch Faktoren oder Umst\u00e4nde au\u00dferhalb ihres Einflussbereichs behindert, gest\u00f6rt oder unterbrochen werden k\u00f6nnen \u2013 insbesondere durch das Vorhandensein von Computerviren im Internet.<\/p><p>Die <strong>Peter De Haan Stiftung<\/strong> haftet nicht f\u00fcr Sch\u00e4den, Verluste, Anspr\u00fcche oder Kosten, die sich ergeben aus:<\/p><p>(i) St\u00f6rungen, Unterbrechungen, Ausf\u00e4llen, Auslassungen, Verz\u00f6gerungen, Blockierungen oder Verbindungsabbr\u00fcchen, verursacht durch Fehler in Telekommunikationsleitungen und -netzen oder durch andere, au\u00dferhalb der Kontrolle der Stiftung liegende Gr\u00fcnde.<\/p><p>(ii) Unerlaubten Eingriffen durch die Verwendung von Schadsoftware jeglicher Art \u00fcber jegliche Kommunikationsmittel, etwa durch Computerviren oder andere Angriffe.<\/p><p>(iii) Unsachgem\u00e4\u00dfer oder unrechtm\u00e4\u00dfiger Nutzung der Website der <strong>Peter De Haan Stiftung<\/strong>.<\/p><p>(iv) Sicherheits- oder Navigationsfehlern infolge einer Fehlfunktion des Browsers oder der Verwendung veralteter Browser-Versionen.<\/p><p>Verlinkungen zu Websites oder Seiten Dritter werden ausschlie\u00dflich zur Erleichterung der Nutzung angeboten. Die <strong>Peter De Haan Stiftung<\/strong> \u00fcbernimmt keinerlei Verantwortung f\u00fcr diese Inhalte oder Verlinkungen.<\/p><p>Die <strong>Peter De Haan Stiftung<\/strong> \u00fcbernimmt keine Haftung im Zusammenhang mit der Existenz von Links zwischen Inhalten dieser Website und Inhalten au\u00dferhalb dieser Website oder sonstigen Erw\u00e4hnungen externer Inhalte. Solche Links oder Erw\u00e4hnungen dienen ausschlie\u00dflich Informationszwecken und stellen in keinem Fall eine Unterst\u00fctzung, Genehmigung, Vermarktung oder Beziehung zwischen der <strong>Peter De Haan Stiftung<\/strong> und den Autoren und\/oder Betreibern dieser Inhalte oder den Eigent\u00fcmern der Websites dar, auf denen sie sich befinden. Die Verlinkung auf diese Website bedarf der ausdr\u00fccklichen schriftlichen Genehmigung der Portalinhaber.<\/p><p>Unsere Website unterliegt dem Schweizer Recht. Im Falle von Streitigkeiten oder Meinungsverschiedenheiten, die sich aus der Nutzung der Website ergeben, unterwerfen sich beide Parteien der <strong>Gerichtsbarkeit der Gerichte von Genf (Schweiz)<\/strong>. Diese Klausel \u00fcber die ausdr\u00fcckliche Gerichtsstandvereinbarung gilt nicht im Falle von Rechtsstreitigkeiten mit Nutzern der Website, die gem\u00e4\u00df der geltenden Gesetzgebung als Verbraucher gelten. In diesem Fall unterliegen beide Parteien der Gerichtsbarkeit der Gerichte am Wohnsitz des Verbrauchers.<\/p>\t\t\t\t\t\t\t\t<\/div>\n\t\t\t\t<\/div>\n\t\t\t\t\t<\/div>\n\t\t\t\t<\/div>\n\t\t\t\t<\/div>\n\t\t","protected":false},"excerpt":{"rendered":"<p>Rechtliche Hinweise Diese Website ist Eigentum der Peter De Haan Stiftung, mit Sitz in Rue du Rh\u00f4ne 14, c\/o Walder [&hellip;]<\/p>\n","protected":false},"author":2,"featured_media":0,"parent":0,"menu_order":0,"comment_status":"closed","ping_status":"closed","template":"","meta":{"site-sidebar-layout":"no-sidebar","site-content-layout":"","ast-site-content-layout":"full-width-container","site-content-style":"default","site-sidebar-style":"default","ast-global-header-display":"","ast-banner-title-visibility":"","ast-main-header-display":"","ast-hfb-above-header-display":"","ast-hfb-below-header-display":"","ast-hfb-mobile-header-display":"","site-post-title":"disabled","ast-breadcrumbs-content":"","ast-featured-img":"disabled","footer-sml-layout":"","ast-disable-related-posts":"","theme-transparent-header-meta":"","adv-header-id-meta":"","stick-header-meta":"","header-above-stick-meta":"","header-main-stick-meta":"","header-below-stick-meta":"","astra-migrate-meta-layouts":"default","ast-page-background-enabled":"default","ast-page-background-meta":{"desktop":{"background-color":"var(--ast-global-color-5)","background-image":"","background-repeat":"repeat","background-position":"center center","background-size":"auto","background-attachment":"scroll","background-type":"","background-media":"","overlay-type":"","overlay-color":"","overlay-opacity":"","overlay-gradient":""},"tablet":{"background-color":"","background-image":"","background-repeat":"repeat","background-position":"center center","background-size":"auto","background-attachment":"scroll","background-type":"","background-media":"","overlay-type":"","overlay-color":"","overlay-opacity":"","overlay-gradient":""},"mobile":{"background-color":"","background-image":"","background-repeat":"repeat","background-position":"center center","background-size":"auto","background-attachment":"scroll","background-type":"","background-media":"","overlay-type":"","overlay-color":"","overlay-opacity":"","overlay-gradient":""}},"ast-content-background-meta":{"desktop":{"background-color":"var(--ast-global-color-4)","background-image":"","background-repeat":"repeat","background-position":"center center","background-size":"auto","background-attachment":"scroll","background-type":"","background-media":"","overlay-type":"","overlay-color":"","overlay-opacity":"","overlay-gradient":""},"tablet":{"background-color":"var(--ast-global-color-4)","background-image":"","background-repeat":"repeat","background-position":"center center","background-size":"auto","background-attachment":"scroll","background-type":"","background-media":"","overlay-type":"","overlay-color":"","overlay-opacity":"","overlay-gradient":""},"mobile":{"background-color":"var(--ast-global-color-4)","background-image":"","background-repeat":"repeat","background-position":"center center","background-size":"auto","background-attachment":"scroll","background-type":"","background-media":"","overlay-type":"","overlay-color":"","overlay-opacity":"","overlay-gradient":""}},"footnotes":""},"class_list":["post-322","page","type-page","status-publish","hentry"],"yoast_head":"<!-- This site is optimized with the Yoast SEO plugin v27.2 - https:\/\/yoast.com\/product\/yoast-seo-wordpress\/ -->\n<title>Rechtliche Hinweise - Fondation Peter De Haan<\/title>\n<meta name=\"robots\" content=\"noindex, follow, max-snippet:-1, max-image-preview:large, max-video-preview:-1\" \/>\n<meta property=\"og:locale\" content=\"de_DE\" \/>\n<meta property=\"og:type\" content=\"article\" \/>\n<meta property=\"og:title\" content=\"Rechtliche Hinweise - Fondation Peter De Haan\" \/>\n<meta property=\"og:description\" content=\"Rechtliche Hinweise Diese Website ist Eigentum der Peter De Haan Stiftung, mit Sitz in Rue du Rh\u00f4ne 14, c\/o Walder [&hellip;]\" \/>\n<meta property=\"og:url\" content=\"https:\/\/fondationpdh.org\/de\/rechtliche-hinweise\/\" \/>\n<meta property=\"og:site_name\" content=\"Fondation Peter De Haan\" \/>\n<meta property=\"article:modified_time\" content=\"2025-05-30T07:23:57+00:00\" \/>\n<meta name=\"twitter:card\" content=\"summary_large_image\" \/>\n<meta name=\"twitter:label1\" content=\"Gesch\u00e4tzte Lesezeit\" \/>\n\t<meta name=\"twitter:data1\" content=\"4\u00a0Minuten\" \/>\n<script type=\"application\/ld+json\" class=\"yoast-schema-graph\">{\"@context\":\"https:\/\/schema.org\",\"@graph\":[{\"@type\":\"WebPage\",\"@id\":\"https:\/\/fondationpdh.org\/de\/rechtliche-hinweise\/\",\"url\":\"https:\/\/fondationpdh.org\/de\/rechtliche-hinweise\/\",\"name\":\"Rechtliche Hinweise - Fondation Peter De Haan\",\"isPartOf\":{\"@id\":\"https:\/\/fondationpdh.org\/de\/#website\"},\"datePublished\":\"2025-03-17T09:52:57+00:00\",\"dateModified\":\"2025-05-30T07:23:57+00:00\",\"breadcrumb\":{\"@id\":\"https:\/\/fondationpdh.org\/de\/rechtliche-hinweise\/#breadcrumb\"},\"inLanguage\":\"de\",\"potentialAction\":[{\"@type\":\"ReadAction\",\"target\":[\"https:\/\/fondationpdh.org\/de\/rechtliche-hinweise\/\"]}]},{\"@type\":\"BreadcrumbList\",\"@id\":\"https:\/\/fondationpdh.org\/de\/rechtliche-hinweise\/#breadcrumb\",\"itemListElement\":[{\"@type\":\"ListItem\",\"position\":1,\"name\":\"Portada\",\"item\":\"https:\/\/fondationpdh.org\/de\/\"},{\"@type\":\"ListItem\",\"position\":2,\"name\":\"Rechtliche Hinweise\"}]},{\"@type\":\"WebSite\",\"@id\":\"https:\/\/fondationpdh.org\/de\/#website\",\"url\":\"https:\/\/fondationpdh.org\/de\/\",\"name\":\"Fondation Peter De Haan\",\"description\":\"\",\"publisher\":{\"@id\":\"https:\/\/fondationpdh.org\/de\/#organization\"},\"potentialAction\":[{\"@type\":\"SearchAction\",\"target\":{\"@type\":\"EntryPoint\",\"urlTemplate\":\"https:\/\/fondationpdh.org\/de\/?s={search_term_string}\"},\"query-input\":{\"@type\":\"PropertyValueSpecification\",\"valueRequired\":true,\"valueName\":\"search_term_string\"}}],\"inLanguage\":\"de\"},{\"@type\":\"Organization\",\"@id\":\"https:\/\/fondationpdh.org\/de\/#organization\",\"name\":\"Fondation Peter De Haan\",\"url\":\"https:\/\/fondationpdh.org\/de\/\",\"logo\":{\"@type\":\"ImageObject\",\"inLanguage\":\"de\",\"@id\":\"https:\/\/fondationpdh.org\/de\/#\/schema\/logo\/image\/\",\"url\":\"https:\/\/fondationpdh.org\/wp-content\/uploads\/2025\/03\/Isotype_PeterDeHaan.png\",\"contentUrl\":\"https:\/\/fondationpdh.org\/wp-content\/uploads\/2025\/03\/Isotype_PeterDeHaan.png\",\"width\":2116,\"height\":671,\"caption\":\"Fondation Peter De Haan\"},\"image\":{\"@id\":\"https:\/\/fondationpdh.org\/de\/#\/schema\/logo\/image\/\"}}]}<\/script>\n<!-- \/ Yoast SEO plugin. -->","yoast_head_json":{"title":"Rechtliche Hinweise - Fondation Peter De Haan","robots":{"index":"noindex","follow":"follow","max-snippet":"max-snippet:-1","max-image-preview":"max-image-preview:large","max-video-preview":"max-video-preview:-1"},"og_locale":"de_DE","og_type":"article","og_title":"Rechtliche Hinweise - Fondation Peter De Haan","og_description":"Rechtliche Hinweise Diese Website ist Eigentum der Peter De Haan Stiftung, mit Sitz in Rue du Rh\u00f4ne 14, c\/o Walder [&hellip;]","og_url":"https:\/\/fondationpdh.org\/de\/rechtliche-hinweise\/","og_site_name":"Fondation Peter De Haan","article_modified_time":"2025-05-30T07:23:57+00:00","twitter_card":"summary_large_image","twitter_misc":{"Gesch\u00e4tzte Lesezeit":"4\u00a0Minuten"},"schema":{"@context":"https:\/\/schema.org","@graph":[{"@type":"WebPage","@id":"https:\/\/fondationpdh.org\/de\/rechtliche-hinweise\/","url":"https:\/\/fondationpdh.org\/de\/rechtliche-hinweise\/","name":"Rechtliche Hinweise - Fondation Peter De Haan","isPartOf":{"@id":"https:\/\/fondationpdh.org\/de\/#website"},"datePublished":"2025-03-17T09:52:57+00:00","dateModified":"2025-05-30T07:23:57+00:00","breadcrumb":{"@id":"https:\/\/fondationpdh.org\/de\/rechtliche-hinweise\/#breadcrumb"},"inLanguage":"de","potentialAction":[{"@type":"ReadAction","target":["https:\/\/fondationpdh.org\/de\/rechtliche-hinweise\/"]}]},{"@type":"BreadcrumbList","@id":"https:\/\/fondationpdh.org\/de\/rechtliche-hinweise\/#breadcrumb","itemListElement":[{"@type":"ListItem","position":1,"name":"Portada","item":"https:\/\/fondationpdh.org\/de\/"},{"@type":"ListItem","position":2,"name":"Rechtliche Hinweise"}]},{"@type":"WebSite","@id":"https:\/\/fondationpdh.org\/de\/#website","url":"https:\/\/fondationpdh.org\/de\/","name":"Fondation Peter De Haan","description":"","publisher":{"@id":"https:\/\/fondationpdh.org\/de\/#organization"},"potentialAction":[{"@type":"SearchAction","target":{"@type":"EntryPoint","urlTemplate":"https:\/\/fondationpdh.org\/de\/?s={search_term_string}"},"query-input":{"@type":"PropertyValueSpecification","valueRequired":true,"valueName":"search_term_string"}}],"inLanguage":"de"},{"@type":"Organization","@id":"https:\/\/fondationpdh.org\/de\/#organization","name":"Fondation Peter De Haan","url":"https:\/\/fondationpdh.org\/de\/","logo":{"@type":"ImageObject","inLanguage":"de","@id":"https:\/\/fondationpdh.org\/de\/#\/schema\/logo\/image\/","url":"https:\/\/fondationpdh.org\/wp-content\/uploads\/2025\/03\/Isotype_PeterDeHaan.png","contentUrl":"https:\/\/fondationpdh.org\/wp-content\/uploads\/2025\/03\/Isotype_PeterDeHaan.png","width":2116,"height":671,"caption":"Fondation Peter De Haan"},"image":{"@id":"https:\/\/fondationpdh.org\/de\/#\/schema\/logo\/image\/"}}]}},"_links":{"self":[{"href":"https:\/\/fondationpdh.org\/de\/wp-json\/wp\/v2\/pages\/322","targetHints":{"allow":["GET"]}}],"collection":[{"href":"https:\/\/fondationpdh.org\/de\/wp-json\/wp\/v2\/pages"}],"about":[{"href":"https:\/\/fondationpdh.org\/de\/wp-json\/wp\/v2\/types\/page"}],"author":[{"embeddable":true,"href":"https:\/\/fondationpdh.org\/de\/wp-json\/wp\/v2\/users\/2"}],"replies":[{"embeddable":true,"href":"https:\/\/fondationpdh.org\/de\/wp-json\/wp\/v2\/comments?post=322"}],"version-history":[{"count":1,"href":"https:\/\/fondationpdh.org\/de\/wp-json\/wp\/v2\/pages\/322\/revisions"}],"predecessor-version":[{"id":323,"href":"https:\/\/fondationpdh.org\/de\/wp-json\/wp\/v2\/pages\/322\/revisions\/323"}],"wp:attachment":[{"href":"https:\/\/fondationpdh.org\/de\/wp-json\/wp\/v2\/media?parent=322"}],"curies":[{"name":"wp","href":"https:\/\/api.w.org\/{rel}","templated":true}]}}