{"id":278,"date":"2025-03-17T09:49:07","date_gmt":"2025-03-17T09:49:07","guid":{"rendered":"https:\/\/fondationpdh.org\/cookie-richtlinie\/"},"modified":"2025-05-09T07:55:17","modified_gmt":"2025-05-09T07:55:17","slug":"cookie-richtlinie","status":"publish","type":"page","link":"https:\/\/fondationpdh.org\/de\/cookie-richtlinie\/","title":{"rendered":"Cookie-Richtlinie"},"content":{"rendered":"\t\t<div data-elementor-type=\"wp-page\" data-elementor-id=\"278\" class=\"elementor elementor-278 elementor-166\" data-elementor-post-type=\"page\">\n\t\t\t\t<div class=\"elementor-element elementor-element-7347422 e-flex e-con-boxed e-con e-parent\" data-id=\"7347422\" data-element_type=\"container\" data-e-type=\"container\">\n\t\t\t\t\t<div class=\"e-con-inner\">\n\t\t\t\t<div class=\"elementor-element elementor-element-82eb002 elementor-widget elementor-widget-heading\" data-id=\"82eb002\" data-element_type=\"widget\" data-e-type=\"widget\" data-widget_type=\"heading.default\">\n\t\t\t\t<div class=\"elementor-widget-container\">\n\t\t\t\t\t<h2 class=\"elementor-heading-title elementor-size-default\">Cookie-Richtlinie<\/h2>\t\t\t\t<\/div>\n\t\t\t\t<\/div>\n\t\t\t\t\t<\/div>\n\t\t\t\t<\/div>\n\t\t<div class=\"elementor-element elementor-element-ee8a6c3 e-flex e-con-boxed e-con e-parent\" data-id=\"ee8a6c3\" data-element_type=\"container\" data-e-type=\"container\">\n\t\t\t\t\t<div class=\"e-con-inner\">\n\t\t\t\t<div class=\"elementor-element elementor-element-3c76786 elementor-widget elementor-widget-text-editor\" data-id=\"3c76786\" data-element_type=\"widget\" data-e-type=\"widget\" data-widget_type=\"text-editor.default\">\n\t\t\t\t<div class=\"elementor-widget-container\">\n\t\t\t\t\t\t\t\t\t<p>Wir respektieren Ihre Privatsph\u00e4re. Diese Website verwendet ausschlie\u00dflich unbedingt <strong>erforderliche Cookies<\/strong>, die f\u00fcr das ordnungsgem\u00e4\u00dfe Funktionieren der Website notwendig sind. Diese Cookies erfordern keine Einwilligung und erfassen keine personenbezogenen oder identifizierbaren Daten.  <\/p><p><strong>Was sind Cookies?<\/strong><\/p><p>Cookies sind kleine Textdateien, die beim Besuch einer Website auf Ihrem Ger\u00e4t gespeichert werden. Sie helfen dabei, sich an Ihre Aktionen und Pr\u00e4ferenzen zu erinnern, und gew\u00e4hrleisten eine reibungslose Navigation sowie grundlegende Funktionen. <\/p><p><strong>Von uns verwendete Cookies<\/strong><\/p><p>Wir verwenden ausschlie\u00dflich die folgenden Arten von Cookies:<\/p><ul><li><strong>Unbedingt erforderliche Cookies<\/strong>: Diese sind f\u00fcr den Betrieb unserer Website notwendig und erm\u00f6glichen grundlegende Funktionen wie die Navigation zwischen Seiten oder den Zugang zu gesch\u00fctzten Bereichen. Ohne diese Cookies kann die Website nicht richtig funktionieren. <\/li><li><strong>Sitzungscookies<\/strong>: Tempor\u00e4re Cookies, die beim Schlie\u00dfen Ihres Browsers gel\u00f6scht werden. Sie unterst\u00fctzen wichtige Funktionen wie Lastverteilung und Sitzungsfortsetzung. <\/li><li><strong>Funktionale Cookies<\/strong>: Diese merken sich kleinere Einstellungen oder Entscheidungen, die Sie treffen (z.\u202fB. Ger\u00e4tetyp oder Sprachpr\u00e4ferenz), um Ihre Nutzererfahrung zu verbessern.<\/li><\/ul><p>Wir <strong>verwenden keine:<\/strong><\/p><ul><li>Analyse- oder Tracking-Cookies (z.\u202fB. Google Analytics)<\/li><li>Werbe- oder Marketing-Cookies<\/li><li>Drittanbieter- oder Social-Media-Cookies<\/li><\/ul><p><strong>Verwaltung von Cookies<\/strong><\/p><p>Die meisten Browser erm\u00f6glichen es Ihnen, Cookies \u00fcber die jeweiligen Einstellungen zu verwalten. Sie k\u00f6nnen Cookies jederzeit deaktivieren, bitte beachten Sie jedoch, dass dies die Funktionsweise der Website beeintr\u00e4chtigen kann. <\/p><p>Weitere Informationen zur Verwaltung von Cookies finden Sie unter <a href=\"https:\/\/www.allaboutcookies.org\">www.allaboutcookies.org<\/a>.<\/p>\t\t\t\t\t\t\t\t<\/div>\n\t\t\t\t<\/div>\n\t\t\t\t\t<\/div>\n\t\t\t\t<\/div>\n\t\t\t\t<\/div>\n\t\t","protected":false},"excerpt":{"rendered":"<p>Cookie-Richtlinie Wir respektieren Ihre Privatsph\u00e4re. Diese Website verwendet ausschlie\u00dflich unbedingt erforderliche Cookies, die f\u00fcr das ordnungsgem\u00e4\u00dfe Funktionieren der Website notwendig [&hellip;]<\/p>\n","protected":false},"author":2,"featured_media":0,"parent":0,"menu_order":0,"comment_status":"closed","ping_status":"closed","template":"","meta":{"site-sidebar-layout":"no-sidebar","site-content-layout":"","ast-site-content-layout":"full-width-container","site-content-style":"default","site-sidebar-style":"default","ast-global-header-display":"","ast-banner-title-visibility":"","ast-main-header-display":"","ast-hfb-above-header-display":"","ast-hfb-below-header-display":"","ast-hfb-mobile-header-display":"","site-post-title":"disabled","ast-breadcrumbs-content":"","ast-featured-img":"disabled","footer-sml-layout":"","ast-disable-related-posts":"","theme-transparent-header-meta":"","adv-header-id-meta":"","stick-header-meta":"","header-above-stick-meta":"","header-main-stick-meta":"","header-below-stick-meta":"","astra-migrate-meta-layouts":"default","ast-page-background-enabled":"default","ast-page-background-meta":{"desktop":{"background-color":"var(--ast-global-color-5)","background-image":"","background-repeat":"repeat","background-position":"center center","background-size":"auto","background-attachment":"scroll","background-type":"","background-media":"","overlay-type":"","overlay-color":"","overlay-opacity":"","overlay-gradient":""},"tablet":{"background-color":"","background-image":"","background-repeat":"repeat","background-position":"center center","background-size":"auto","background-attachment":"scroll","background-type":"","background-media":"","overlay-type":"","overlay-color":"","overlay-opacity":"","overlay-gradient":""},"mobile":{"background-color":"","background-image":"","background-repeat":"repeat","background-position":"center center","background-size":"auto","background-attachment":"scroll","background-type":"","background-media":"","overlay-type":"","overlay-color":"","overlay-opacity":"","overlay-gradient":""}},"ast-content-background-meta":{"desktop":{"background-color":"var(--ast-global-color-4)","background-image":"","background-repeat":"repeat","background-position":"center center","background-size":"auto","background-attachment":"scroll","background-type":"","background-media":"","overlay-type":"","overlay-color":"","overlay-opacity":"","overlay-gradient":""},"tablet":{"background-color":"var(--ast-global-color-4)","background-image":"","background-repeat":"repeat","background-position":"center center","background-size":"auto","background-attachment":"scroll","background-type":"","background-media":"","overlay-type":"","overlay-color":"","overlay-opacity":"","overlay-gradient":""},"mobile":{"background-color":"var(--ast-global-color-4)","background-image":"","background-repeat":"repeat","background-position":"center center","background-size":"auto","background-attachment":"scroll","background-type":"","background-media":"","overlay-type":"","overlay-color":"","overlay-opacity":"","overlay-gradient":""}},"footnotes":""},"class_list":["post-278","page","type-page","status-publish","hentry"],"yoast_head":"<!-- This site is optimized with the Yoast SEO plugin v27.2 - https:\/\/yoast.com\/product\/yoast-seo-wordpress\/ -->\n<title>Cookie-Richtlinie - Fondation Peter De Haan<\/title>\n<meta name=\"robots\" content=\"noindex, follow, max-snippet:-1, max-image-preview:large, max-video-preview:-1\" \/>\n<meta property=\"og:locale\" content=\"de_DE\" \/>\n<meta property=\"og:type\" content=\"article\" \/>\n<meta property=\"og:title\" content=\"Cookie-Richtlinie - Fondation Peter De Haan\" \/>\n<meta property=\"og:description\" content=\"Cookie-Richtlinie Wir respektieren Ihre Privatsph\u00e4re. Diese Website verwendet ausschlie\u00dflich unbedingt erforderliche Cookies, die f\u00fcr das ordnungsgem\u00e4\u00dfe Funktionieren der Website notwendig [&hellip;]\" \/>\n<meta property=\"og:url\" content=\"https:\/\/fondationpdh.org\/de\/cookie-richtlinie\/\" \/>\n<meta property=\"og:site_name\" content=\"Fondation Peter De Haan\" \/>\n<meta property=\"article:modified_time\" content=\"2025-05-09T07:55:17+00:00\" \/>\n<meta name=\"twitter:card\" content=\"summary_large_image\" \/>\n<meta name=\"twitter:label1\" content=\"Gesch\u00e4tzte Lesezeit\" \/>\n\t<meta name=\"twitter:data1\" content=\"1\u00a0Minute\" \/>\n<script type=\"application\/ld+json\" class=\"yoast-schema-graph\">{\"@context\":\"https:\/\/schema.org\",\"@graph\":[{\"@type\":\"WebPage\",\"@id\":\"https:\/\/fondationpdh.org\/de\/cookie-richtlinie\/\",\"url\":\"https:\/\/fondationpdh.org\/de\/cookie-richtlinie\/\",\"name\":\"Cookie-Richtlinie - Fondation Peter De Haan\",\"isPartOf\":{\"@id\":\"https:\/\/fondationpdh.org\/de\/#website\"},\"datePublished\":\"2025-03-17T09:49:07+00:00\",\"dateModified\":\"2025-05-09T07:55:17+00:00\",\"breadcrumb\":{\"@id\":\"https:\/\/fondationpdh.org\/de\/cookie-richtlinie\/#breadcrumb\"},\"inLanguage\":\"de\",\"potentialAction\":[{\"@type\":\"ReadAction\",\"target\":[\"https:\/\/fondationpdh.org\/de\/cookie-richtlinie\/\"]}]},{\"@type\":\"BreadcrumbList\",\"@id\":\"https:\/\/fondationpdh.org\/de\/cookie-richtlinie\/#breadcrumb\",\"itemListElement\":[{\"@type\":\"ListItem\",\"position\":1,\"name\":\"Portada\",\"item\":\"https:\/\/fondationpdh.org\/de\/\"},{\"@type\":\"ListItem\",\"position\":2,\"name\":\"Cookie-Richtlinie\"}]},{\"@type\":\"WebSite\",\"@id\":\"https:\/\/fondationpdh.org\/de\/#website\",\"url\":\"https:\/\/fondationpdh.org\/de\/\",\"name\":\"Fondation Peter De Haan\",\"description\":\"\",\"publisher\":{\"@id\":\"https:\/\/fondationpdh.org\/de\/#organization\"},\"potentialAction\":[{\"@type\":\"SearchAction\",\"target\":{\"@type\":\"EntryPoint\",\"urlTemplate\":\"https:\/\/fondationpdh.org\/de\/?s={search_term_string}\"},\"query-input\":{\"@type\":\"PropertyValueSpecification\",\"valueRequired\":true,\"valueName\":\"search_term_string\"}}],\"inLanguage\":\"de\"},{\"@type\":\"Organization\",\"@id\":\"https:\/\/fondationpdh.org\/de\/#organization\",\"name\":\"Fondation Peter De Haan\",\"url\":\"https:\/\/fondationpdh.org\/de\/\",\"logo\":{\"@type\":\"ImageObject\",\"inLanguage\":\"de\",\"@id\":\"https:\/\/fondationpdh.org\/de\/#\/schema\/logo\/image\/\",\"url\":\"https:\/\/fondationpdh.org\/wp-content\/uploads\/2025\/03\/Isotype_PeterDeHaan.png\",\"contentUrl\":\"https:\/\/fondationpdh.org\/wp-content\/uploads\/2025\/03\/Isotype_PeterDeHaan.png\",\"width\":2116,\"height\":671,\"caption\":\"Fondation Peter De Haan\"},\"image\":{\"@id\":\"https:\/\/fondationpdh.org\/de\/#\/schema\/logo\/image\/\"}}]}<\/script>\n<!-- \/ Yoast SEO plugin. -->","yoast_head_json":{"title":"Cookie-Richtlinie - Fondation Peter De Haan","robots":{"index":"noindex","follow":"follow","max-snippet":"max-snippet:-1","max-image-preview":"max-image-preview:large","max-video-preview":"max-video-preview:-1"},"og_locale":"de_DE","og_type":"article","og_title":"Cookie-Richtlinie - Fondation Peter De Haan","og_description":"Cookie-Richtlinie Wir respektieren Ihre Privatsph\u00e4re. Diese Website verwendet ausschlie\u00dflich unbedingt erforderliche Cookies, die f\u00fcr das ordnungsgem\u00e4\u00dfe Funktionieren der Website notwendig [&hellip;]","og_url":"https:\/\/fondationpdh.org\/de\/cookie-richtlinie\/","og_site_name":"Fondation Peter De Haan","article_modified_time":"2025-05-09T07:55:17+00:00","twitter_card":"summary_large_image","twitter_misc":{"Gesch\u00e4tzte Lesezeit":"1\u00a0Minute"},"schema":{"@context":"https:\/\/schema.org","@graph":[{"@type":"WebPage","@id":"https:\/\/fondationpdh.org\/de\/cookie-richtlinie\/","url":"https:\/\/fondationpdh.org\/de\/cookie-richtlinie\/","name":"Cookie-Richtlinie - Fondation Peter De Haan","isPartOf":{"@id":"https:\/\/fondationpdh.org\/de\/#website"},"datePublished":"2025-03-17T09:49:07+00:00","dateModified":"2025-05-09T07:55:17+00:00","breadcrumb":{"@id":"https:\/\/fondationpdh.org\/de\/cookie-richtlinie\/#breadcrumb"},"inLanguage":"de","potentialAction":[{"@type":"ReadAction","target":["https:\/\/fondationpdh.org\/de\/cookie-richtlinie\/"]}]},{"@type":"BreadcrumbList","@id":"https:\/\/fondationpdh.org\/de\/cookie-richtlinie\/#breadcrumb","itemListElement":[{"@type":"ListItem","position":1,"name":"Portada","item":"https:\/\/fondationpdh.org\/de\/"},{"@type":"ListItem","position":2,"name":"Cookie-Richtlinie"}]},{"@type":"WebSite","@id":"https:\/\/fondationpdh.org\/de\/#website","url":"https:\/\/fondationpdh.org\/de\/","name":"Fondation Peter De Haan","description":"","publisher":{"@id":"https:\/\/fondationpdh.org\/de\/#organization"},"potentialAction":[{"@type":"SearchAction","target":{"@type":"EntryPoint","urlTemplate":"https:\/\/fondationpdh.org\/de\/?s={search_term_string}"},"query-input":{"@type":"PropertyValueSpecification","valueRequired":true,"valueName":"search_term_string"}}],"inLanguage":"de"},{"@type":"Organization","@id":"https:\/\/fondationpdh.org\/de\/#organization","name":"Fondation Peter De Haan","url":"https:\/\/fondationpdh.org\/de\/","logo":{"@type":"ImageObject","inLanguage":"de","@id":"https:\/\/fondationpdh.org\/de\/#\/schema\/logo\/image\/","url":"https:\/\/fondationpdh.org\/wp-content\/uploads\/2025\/03\/Isotype_PeterDeHaan.png","contentUrl":"https:\/\/fondationpdh.org\/wp-content\/uploads\/2025\/03\/Isotype_PeterDeHaan.png","width":2116,"height":671,"caption":"Fondation Peter De Haan"},"image":{"@id":"https:\/\/fondationpdh.org\/de\/#\/schema\/logo\/image\/"}}]}},"_links":{"self":[{"href":"https:\/\/fondationpdh.org\/de\/wp-json\/wp\/v2\/pages\/278","targetHints":{"allow":["GET"]}}],"collection":[{"href":"https:\/\/fondationpdh.org\/de\/wp-json\/wp\/v2\/pages"}],"about":[{"href":"https:\/\/fondationpdh.org\/de\/wp-json\/wp\/v2\/types\/page"}],"author":[{"embeddable":true,"href":"https:\/\/fondationpdh.org\/de\/wp-json\/wp\/v2\/users\/2"}],"replies":[{"embeddable":true,"href":"https:\/\/fondationpdh.org\/de\/wp-json\/wp\/v2\/comments?post=278"}],"version-history":[{"count":1,"href":"https:\/\/fondationpdh.org\/de\/wp-json\/wp\/v2\/pages\/278\/revisions"}],"predecessor-version":[{"id":279,"href":"https:\/\/fondationpdh.org\/de\/wp-json\/wp\/v2\/pages\/278\/revisions\/279"}],"wp:attachment":[{"href":"https:\/\/fondationpdh.org\/de\/wp-json\/wp\/v2\/media?parent=278"}],"curies":[{"name":"wp","href":"https:\/\/api.w.org\/{rel}","templated":true}]}}